{"id":5541,"date":"2019-08-21T15:53:15","date_gmt":"2019-08-21T13:53:15","guid":{"rendered":"https:\/\/blog.mr-int.ch\/?page_id=5541"},"modified":"2023-07-21T10:27:49","modified_gmt":"2023-07-21T08:27:49","slug":"oeuvre","status":"publish","type":"page","link":"https:\/\/blog.mr-int.ch\/?page_id=5541","title":{"rendered":"Mes \u0153uvres"},"content":{"rendered":"\n    \n    <section class=\"u-clearfix u-section-2\" src=\"\" id=\"sec-4f95\">\n      <div class=\"u-clearfix u-sheet u-sheet-1\">\n        <img decoding=\"async\" class=\"u-expanded-width u-image u-image-1\" src=\"https:\/\/blog.mr-int.ch\/wp-content\/uploads\/2019\/08\/5541-0-2.png\" data-image-width=\"150\" data-image-height=\"32\">\n        <div class=\"u-align-center u-container-style u-group u-group-1\">\n          <div class=\"u-container-layout u-container-layout-1\">\n            <h1 class=\"u-custom-font u-text u-title u-text-1\">\n              <span style=\"font-weight: 700;\">\u00c9ditions MR<\/span>\n              <br>\n            <\/h1>\n            <h2 class=\"u-subtitle u-text u-text-2\">\n              <span style=\"font-weight: 700;\">Le d\u00e9but d'une \u0153uvre tardive<\/span>\n              <br>\n            <\/h2>\n          <\/div>\n        <\/div>\n      <\/div>\n    <\/section>\n    <section class=\"u-clearfix u-section-3\" id=\"sec-e541\">\n      <div class=\"u-clearfix u-sheet u-sheet-1\">\n        <div class=\"u-clearfix u-expanded-width u-gutter-10 u-layout-wrap u-layout-wrap-1\">\n          <div class=\"u-gutter-0 u-layout\">\n            <div class=\"u-layout-row\">\n              <div class=\"u-container-style u-image u-image-contain u-layout-cell u-left-cell u-size-20 u-image-1\" src=\"\" data-href=\"https:\/\/blog.mr-int.ch\/?page_id=3486\" data-target=\"_blank\" style=\"background-image: url(&quot;https:\/\/blog.mr-int.ch\/wp-content\/uploads\/2019\/08\/Couverture.png&quot;);\">\n                <div class=\"u-container-layout u-container-layout-1\"><\/div>\n              <\/div>\n              <div class=\"u-container-style u-layout-cell u-size-20 u-layout-cell-2\" src=\"\">\n                <div class=\"u-container-layout u-container-layout-2\">\n                  <img decoding=\"async\" class=\"u-expanded-width u-image u-image-contain u-image-2\" src=\"https:\/\/blog.mr-int.ch\/wp-content\/uploads\/2019\/06\/essai-refutation-1.png\" data-image-width=\"800\" data-image-height=\"600\" data-href=\"https:\/\/blog.mr-int.ch\/?page_id=5563\" data-target=\"_blank\">\n                  <a href=\"https:\/\/blog.mr-int.ch\/?page_id=6671\" class=\"u-btn u-button-style u-hover-palette-1-dark-1 u-palette-1-base u-btn-1\" target=\"_blank\">Ma position climatique<\/a>\n                <\/div>\n              <\/div>\n              <div class=\"u-align-left u-container-style u-image u-image-contain u-layout-cell u-right-cell u-size-20 u-image-3\" src=\"\" data-href=\"https:\/\/blog.mr-int.ch\/?p=8023\" data-image-width=\"576\" data-image-height=\"864\" title=\"LA GRANDE ILLUSION DU SAUVETAGE DE LA PLAN\u00c8TE PAR UNE REMISE \u00c0 Z\u00c9RO\" style=\"background-image: url(&quot;https:\/\/blog.mr-int.ch\/wp-content\/uploads\/2021\/10\/cover.png&quot;);\">\n                <div class=\"u-container-layout u-container-layout-3\"><\/div>\n              <\/div>\n            <\/div>\n          <\/div>\n        <\/div>\n      <\/div>\n    <\/section>\n    <section class=\"u-clearfix u-section-4\" id=\"sec-b79f\">\n      <div class=\"u-clearfix u-sheet u-valign-middle u-sheet-1\">\n        <div class=\"u-expanded-width u-palette-4-base u-shape u-shape-rectangle u-shape-1\"><\/div>\n      <\/div>\n    <\/section>\n    <section class=\"u-clearfix u-section-5\" id=\"sec-20a6\">\n      <div class=\"u-clearfix u-sheet u-sheet-1\">\n        <div class=\"u-clearfix u-expanded-width u-layout-wrap u-layout-wrap-1\">\n          <div class=\"u-gutter-0 u-layout\">\n            <div class=\"u-layout-col\">\n              <div class=\"u-size-30\">\n                <div class=\"u-layout-row\">\n                  <div class=\"u-container-style u-layout-cell u-size-15 u-size-30-md u-layout-cell-1\">\n                    <div class=\"u-container-layout u-valign-middle u-container-layout-1\">\n                      <lt-highlighter style=\"display: none; z-index: 1 !important;\">\n                        <lt-div spellcheck=\"false\" class=\"lt-highlighter__wrapper\" style=\"width: 225px; height: 77px; transform: none !important; transform-origin: 112.267px 38.5px 0px !important; margin-top: 0px; margin-left: 0px;\">\n                          <lt-div class=\"lt-highlighter__scrollElement\" style=\"top: 0px; left: 0px; width: 225px; height: 77px;\"><\/lt-div>\n                        <\/lt-div>\n                      <\/lt-highlighter>\n                      <a href=\"https:\/\/blog.mr-int.ch\/?page_id=4614\" class=\"u-btn u-btn-rectangle u-button-style u-palette-3-base u-radius-0 u-btn-1\">Se soumettre, fuir <br>ou guerroyer\n                      <\/a>\n                    <\/div>\n                  <\/div>\n                  <div class=\"u-container-style u-layout-cell u-size-15 u-size-30-md u-layout-cell-2\">\n                    <div class=\"u-container-layout u-valign-middle u-container-layout-2\">\n                      <lt-highlighter style=\"display: none; z-index: 1 !important;\">\n                        <lt-div spellcheck=\"false\" class=\"lt-highlighter__wrapper\" style=\"width: 225px; height: 49px; transform: none !important; transform-origin: 112.483px 24.6px 0px !important; margin-top: 0px; margin-left: -2px;\">\n                          <lt-div class=\"lt-highlighter__scrollElement\" style=\"top: 0px; left: 0px; width: 225px; height: 49px;\"><\/lt-div>\n                        <\/lt-div>\n                      <\/lt-highlighter>\n                      <a href=\"https:\/\/blog.mr-int.ch\/?p=855\" class=\"u-btn u-btn-rectangle u-button-style u-palette-3-base u-radius-0 u-btn-2\" target=\"_blank\">Le possible progr\u00e8s<\/a>\n                    <\/div>\n                  <\/div>\n                  <div class=\"u-align-left u-container-style u-layout-cell u-size-15 u-size-30-md u-layout-cell-3\">\n                    <div class=\"u-container-layout u-container-layout-3\">\n                      <a href=\"https:\/\/blog.mr-int.ch\/?p=242\" class=\"u-btn u-btn-rectangle u-button-style u-palette-3-base u-radius-0 u-btn-3\" target=\"_blank\">Formes de d\u00e9mocratie<\/a>\n                      <a href=\"https:\/\/blog.mr-int.ch\/?attachment_id=3304\" class=\"u-btn u-btn-rectangle u-button-style u-palette-3-base u-radius-0 u-btn-4\" target=\"_blank\">D\u00e9mocratie directe<\/a>\n                    <\/div>\n                  <\/div>\n                  <div class=\"u-container-style u-layout-cell u-size-15 u-size-30-md u-layout-cell-4\">\n                    <div class=\"u-container-layout u-valign-middle u-container-layout-4\">\n                      <lt-highlighter style=\"display: none; z-index: 1 !important;\">\n                        <lt-div spellcheck=\"false\" class=\"lt-highlighter__wrapper\" style=\"width: 226px; height: 77px; transform: none !important; transform-origin: 112.9px 38.6px 0px !important; margin-left: 0px; margin-top: 0px;\">\n                          <lt-div class=\"lt-highlighter__scrollElement\" style=\"top: 0px; left: 0px; width: 226px; height: 77px;\"><\/lt-div>\n                        <\/lt-div>\n                      <\/lt-highlighter>\n                      <a href=\"https:\/\/blog.mr-int.ch\/?page_id=5784\" class=\"u-btn u-btn-rectangle u-button-style u-palette-3-base u-radius-0 u-btn-5\" target=\"_blank\">Politique <br>environnementale<br>\n                      <\/a>\n                    <\/div>\n                  <\/div>\n                <\/div>\n              <\/div>\n              <div class=\"u-size-30\">\n                <div class=\"u-layout-row\">\n                  <div class=\"u-container-style u-layout-cell u-size-15 u-size-30-md u-layout-cell-5\">\n                    <div class=\"u-container-layout u-container-layout-5\">\n                      <a href=\"https:\/\/blog.mr-int.ch\/?p=3145\" class=\"u-btn u-btn-rectangle u-button-style u-palette-3-base u-radius-0 u-btn-6\" target=\"_blank\">Le religieux dans les<br>relations internationales\n                      <\/a>\n                    <\/div>\n                  <\/div>\n                  <div class=\"u-align-left u-container-style u-layout-cell u-size-15 u-size-30-md u-layout-cell-6\">\n                    <div class=\"u-container-layout u-container-layout-6\">\n                      <a href=\"https:\/\/blog.mr-int.ch\/?attachment_id=5997\" class=\"u-btn u-btn-rectangle u-button-style u-file-link u-palette-3-base u-radius-0 u-btn-7\" target=\"_blank\">Instrumentalisation<br>de la science\n                      <\/a>\n                    <\/div>\n                  <\/div>\n                  <div class=\"u-container-style u-layout-cell u-size-15 u-size-30-md u-layout-cell-7\">\n                    <div class=\"u-container-layout u-container-layout-7\">\n                      <a href=\"https:\/\/blog.mr-int.ch\/?attachment_id=6749\" class=\"u-btn u-btn-rectangle u-button-style u-file-link u-palette-3-base u-radius-0 u-btn-8\" target=\"_blank\">\u00c9volution biologique<br>et culturelle<br>\n                      <\/a>\n                      <lt-highlighter style=\"display: none; z-index: 1 !important;\">\n                        <lt-div spellcheck=\"false\" class=\"lt-highlighter__wrapper\" style=\"width: 225px; height: 38px; transform: none !important; transform-origin: 112.5px 19.2px 0px !important; margin-top: 4px;\">\n                          <lt-div class=\"lt-highlighter__scrollElement\" style=\"top: 0px; left: 0px; width: 225px; height: 38px;\">\n                            <canvas class=\"lt-highlighter__canvas\" width=\"50\" height=\"15\" style=\"display: none; top: 3px; left: 131px;\"><\/canvas>\n                          <\/lt-div>\n                        <\/lt-div>\n                      <\/lt-highlighter>\n                      <p class=\"u-small-text u-text u-text-font u-text-variant u-text-1\">Traduction d'un essai de Freeman Dyson, avec une postface.<\/p>\n                    <\/div>\n                  <\/div>\n                  <div class=\"u-container-style u-layout-cell u-size-15 u-size-30-md u-layout-cell-8\">\n                    <div class=\"u-container-layout u-container-layout-8\">\n                      <a href=\"https:\/\/blog.mr-int.ch\/?page_id=10863\" class=\"u-btn u-btn-rectangle u-button-style u-palette-3-base u-radius-0 u-btn-9\" target=\"_blank\">Tout ou presque&nbsp;<br>sur l'\u00e9nergie\n                      <\/a>\n                    <\/div>\n                  <\/div>\n                <\/div>\n              <\/div>\n            <\/div>\n          <\/div>\n        <\/div>\n      <\/div>\n    <\/section>\n    \n    \n  \n","protected":false},"excerpt":{"rendered":"<p>\u00c9ditions MR Le d\u00e9but d&rsquo;une \u0153uvre tardive Ma position climatique Se soumettre, fuir ou guerroyer Le possible progr\u00e8s Formes de d\u00e9mocratie D\u00e9mocratie directe Politique environnementale Le religieux dans lesrelations internationales Instrumentalisationde la science \u00c9volution biologiqueet culturelle Traduction d&rsquo;un essai de Freeman Dyson, avec une postface. Tout ou presque&nbsp;sur l&rsquo;\u00e9nergie<\/p>\n","protected":false},"author":2,"featured_media":0,"parent":0,"menu_order":0,"comment_status":"closed","ping_status":"closed","template":"","meta":{"iawp_total_views":23,"footnotes":"","_links_to":"","_links_to_target":""},"class_list":["post-5541","page","type-page","status-publish","hentry"],"_links":{"self":[{"href":"https:\/\/blog.mr-int.ch\/index.php?rest_route=\/wp\/v2\/pages\/5541","targetHints":{"allow":["GET"]}}],"collection":[{"href":"https:\/\/blog.mr-int.ch\/index.php?rest_route=\/wp\/v2\/pages"}],"about":[{"href":"https:\/\/blog.mr-int.ch\/index.php?rest_route=\/wp\/v2\/types\/page"}],"author":[{"embeddable":true,"href":"https:\/\/blog.mr-int.ch\/index.php?rest_route=\/wp\/v2\/users\/2"}],"replies":[{"embeddable":true,"href":"https:\/\/blog.mr-int.ch\/index.php?rest_route=%2Fwp%2Fv2%2Fcomments&post=5541"}],"version-history":[{"count":0,"href":"https:\/\/blog.mr-int.ch\/index.php?rest_route=\/wp\/v2\/pages\/5541\/revisions"}],"wp:attachment":[{"href":"https:\/\/blog.mr-int.ch\/index.php?rest_route=%2Fwp%2Fv2%2Fmedia&parent=5541"}],"curies":[{"name":"wp","href":"https:\/\/api.w.org\/{rel}","templated":true}]}}