{"id":4614,"date":"2018-07-03T11:39:39","date_gmt":"2018-07-03T09:39:39","guid":{"rendered":"http:\/\/blog.mr-int.ch\/?page_id=4614"},"modified":"2020-05-01T11:38:39","modified_gmt":"2020-05-01T09:38:39","slug":"soumission-fuite-ou-guerre","status":"publish","type":"page","link":"https:\/\/blog.mr-int.ch\/?page_id=4614","title":{"rendered":"Se soumettre, fuir ou guerroyer"},"content":{"rendered":"<p>Document \u00e0 visionner sur place ou t\u00e9l\u00e9charger:<\/p>\n<p>&nbsp;<\/p>\n\n\t\t<div class=\"wppdfemb-frame-container-1\" style=\"-webkit-overflow-scrolling:auto;\">\n\t\t\t<iframe class=\"pdfembed-iframe nonfullscreen wppdf-emb-iframe-1\"\n\t\t\t\tsrc=\"https:\/\/blog.mr-int.ch\/?pdfemb-data=eyJpbmRleCI6MSwicGRmSUQiOjQ2MTIsInBkZmVtYi1zZXJ2ZXVybCI6Imh0dHAlM0ElMkYlMkZibG9nLm1yLWludC5jaCUyRndwLWNvbnRlbnQlMkZ1cGxvYWRzJTJGc2VjdXJlcGRmcyUyRjIwMTglMkYwNyUyRnNvdW1ldHRyZS1mdWlyLWd1ZXJyb3llci5wZGYiLCJ3bV90ZXh0IjoiIn0\"\n\t\t\t\t\t\t\t\tdata-pdf-id=\"4612\"\n\t\t\t\tdata-pdf-index=\"1\"\n\t\t\t\tstyle=\"border:none;width:100%;max-width:100%;height:1087px;\"\n\t\t\t\tscrolling=\"yes\">\n\t\t\t<\/iframe>\n\t\t<\/div>\n\n\t\t\n","protected":false},"excerpt":{"rendered":"<p>Document \u00e0 visionner sur place ou t\u00e9l\u00e9charger: &nbsp;<\/p>\n","protected":false},"author":2,"featured_media":0,"parent":0,"menu_order":0,"comment_status":"closed","ping_status":"closed","template":"","meta":{"iawp_total_views":21,"footnotes":"","_links_to":"","_links_to_target":""},"class_list":["post-4614","page","type-page","status-publish","hentry"],"_links":{"self":[{"href":"https:\/\/blog.mr-int.ch\/index.php?rest_route=\/wp\/v2\/pages\/4614","targetHints":{"allow":["GET"]}}],"collection":[{"href":"https:\/\/blog.mr-int.ch\/index.php?rest_route=\/wp\/v2\/pages"}],"about":[{"href":"https:\/\/blog.mr-int.ch\/index.php?rest_route=\/wp\/v2\/types\/page"}],"author":[{"embeddable":true,"href":"https:\/\/blog.mr-int.ch\/index.php?rest_route=\/wp\/v2\/users\/2"}],"replies":[{"embeddable":true,"href":"https:\/\/blog.mr-int.ch\/index.php?rest_route=%2Fwp%2Fv2%2Fcomments&post=4614"}],"version-history":[{"count":0,"href":"https:\/\/blog.mr-int.ch\/index.php?rest_route=\/wp\/v2\/pages\/4614\/revisions"}],"wp:attachment":[{"href":"https:\/\/blog.mr-int.ch\/index.php?rest_route=%2Fwp%2Fv2%2Fmedia&parent=4614"}],"curies":[{"name":"wp","href":"https:\/\/api.w.org\/{rel}","templated":true}]}}