{"id":3486,"date":"2017-01-18T17:08:04","date_gmt":"2017-01-18T16:08:04","guid":{"rendered":"http:\/\/blog.mr-int.ch?page_id=3486"},"modified":"2023-02-09T10:43:30","modified_gmt":"2023-02-09T09:43:30","slug":"rearmer-la-raison","status":"publish","type":"page","link":"https:\/\/blog.mr-int.ch\/?page_id=3486","title":{"rendered":"R\u00e9armer la raison !"},"content":{"rendered":"\n<h5 class=\"wp-block-heading\">Par l&rsquo;auteur de ce blog un livre fondamental, en tous cas pour lui.<\/h5>\n\n\n\n<p>Pour entrevoir un peu de son contenu : <a class=\"art-button\" rel=\"noopener noreferrer\" data-bindattr-85=\"85\" href=\"http:\/\/www.blurb.fr\/bookshare\/app\/index.html?bookId=7705181\" target=\"_blank\">cliquez ici !<\/a><\/p>\n\n\n<div class=\"wp-block-image\">\n<figure class=\"alignright size-full is-resized\"><img loading=\"lazy\" decoding=\"async\" src=\"https:\/\/blog.mr-int.ch\/wp-content\/uploads\/2017\/01\/Couverture.png\" alt=\"\" class=\"wp-image-3492\" width=\"216\" height=\"324\" srcset=\"https:\/\/blog.mr-int.ch\/wp-content\/uploads\/2017\/01\/Couverture.png 432w, https:\/\/blog.mr-int.ch\/wp-content\/uploads\/2017\/01\/Couverture-245x368.png 245w, https:\/\/blog.mr-int.ch\/wp-content\/uploads\/2017\/01\/Couverture-171x256.png 171w\" sizes=\"auto, (max-width: 216px) 85vw, 216px\" \/><\/figure>\n<\/div>\n\n\n<p>Au cours du d\u00e9veloppement des temps modernes, en particulier avec l\u2019industrialisation \u00e0 grande \u00e9chelle et les \u00e9changes globaux, l\u2019impact que l\u2019activit\u00e9 humaine pouvait avoir sur l\u2019environnement s\u2019est manifest\u00e9, parfois de mani\u00e8re pr\u00e9occupante. Une d\u00e9sillusion vis-\u00e0-vis de la science et des techniques s\u2019est alors r\u00e9pandue, comme si la soci\u00e9t\u00e9 devait fatalement \u00eatre coupable d\u2019irr\u00e9m\u00e9diables d\u00e9s\u00e9quilibres \u00e9cologiques, toute id\u00e9e de progr\u00e8s \u00e9tant ainsi mise en cause. Pourtant il faut se rendre compte que jamais dans son histoire l\u2019humanit\u00e9 n\u2019a \u00e9t\u00e9 si prosp\u00e8re.<\/p>\n\n\n\n<p>Apr\u00e8s une courte revue de l\u2019av\u00e8nement de l\u2019\u00e9cologie moderne, les d\u00e9fis qui se pr\u00e9sentent aux soci\u00e9t\u00e9s sont expos\u00e9s et discut\u00e9s, qu\u2019il s\u2019agisse de la pr\u00e9servation de la nature ou du traitement des d\u00e9chets accompagnant toute activit\u00e9 humaine. La notion de risque et de sa gestion est au centre de cette discussion.<\/p>\n\n\n\n<p>Les conditions climatiques tr\u00e8s particuli\u00e8res qui r\u00e8gnent sur notre plan\u00e8te et nous permettent d\u2019y vivre, sont aussi examin\u00e9es de mani\u00e8re critique, surtout afin de bien distinguer ce que sont observations et faits av\u00e9r\u00e9s, causes non corr\u00e9l\u00e9es, mal connues ou inconnues, et hypoth\u00e8ses ou sp\u00e9culations conduisant \u00e0 des sc\u00e9narios alarmistes.<\/p>\n\n\n\n<p>Que ce soit dans les pays riches ou pauvres, il est aussi montr\u00e9 que l\u2019\u00e9tat de d\u00e9veloppement du bien-\u00eatre n\u2019a jamais \u00e9t\u00e9 aussi avanc\u00e9 et que des priorit\u00e9s simples et claires peuvent et doivent \u00eatre poursuivies.<br>La biologie, l\u2019agriculture et la fourniture d\u2019\u00e9nergie sont l\u2019objet d\u2019analyses particuli\u00e8res.<\/p>\n\n\n\n<p>Une courte digression \u00e9conomique est aussi faite afin d\u2019en rappeler les principes fondamentaux, en<br>particulier la fragilit\u00e9 de la notion de valeur. Il en est fait de m\u00eame pour la politique, entendue dans son sens large, c\u2019est-\u00e0-dire des formes possibles de vie en soci\u00e9t\u00e9, et de l\u2019\u00e9tat d\u2019un Monde o\u00f9 ne cessent de s\u2019affronter des id\u00e9alismes incompatibles, sources d\u2019incessantes tentations totalitaires, en particulier un \u00e9cologisme militant s\u2019imposant jusque dans la plupart des gouvernements et dans toutes les instances internationales.<\/p>\n\n\n\n<p>Les causes et motivations de ces activismes qui agr\u00e8gent toutes les critiques de l\u2019activit\u00e9 humaine sont multiples et se renforcent mutuellement. On y trouve des craintes primitives, des questionnements eschatologiques, des id\u00e9ologies de domination, ainsi que de simples mais puissants d\u00e9sirs de saisie du pouvoir, culminant maintenant par l\u2019appel \u00e0 une gouvernance mondiale bien d\u00e9tach\u00e9e des peuples.<\/p>\n\n\n\n<p>L\u2019abandon de la rationalit\u00e9 permet \u00e0 ces mouvements de prosp\u00e9rer dans une soci\u00e9t\u00e9 postmoderne qui, depuis quelques d\u00e9cennies, laisse tout mettre en doute pour se mettre entre les mains d\u2019anciens et nouveaux pr\u00eatres lui inculquant de nouveaux dogmes qu\u2019on ne saurait r\u00e9futer qu\u2019au risque de se faire b\u00e2illonner et bannir comme h\u00e9r\u00e9tique.<\/p>\n\n\n\n<blockquote class=\"wp-block-quote is-layout-flow wp-block-quote-is-layout-flow\">\n<p class=\"has-text-align-center\">Face \u00e0 cette d\u00e9ferlante il est grand temps de r\u00e9armer notre raison.<\/p>\n<\/blockquote>\n\n\n\n<p><em>Michel de Rougemont, Dr sc. tech, est un consultant ind\u00e9pendant. Par ses activit\u00e9s dans la chimie fine et l\u2019agriculture il est confront\u00e9, sans les craindre, \u00e0 maints d\u00e9fis li\u00e9s \u00e0 la s\u00fbret\u00e9 des gens et de l\u2019environnement.<\/em><\/p>\n\n\n\n<p>Livre broch\u00e9 de 272 pages avec 42 illustrations et 12 tableaux, et aussi comme e-book.<br>En vente chez Amazon : <a class=\"art-button\" href=\"https:\/\/www.amazon.fr\/dp\/1520389361?ref_=pe_870760_150889320\" target=\"_blank\" rel=\"noopener noreferrer\">cliquez ici<\/a>, et aussi chez Blurb : <a class=\"art-button\" href=\"http:\/\/www.blurb.fr\/b\/7705181-r-armer-la-raison\" target=\"_blank\" rel=\"noopener noreferrer\">cliquez ici<\/a> (seulement broch\u00e9).<br>Ou alors <a class=\"art-button\" href=\"http:\/\/blog.mr-int.ch\/?page_id=111\" target=\"_blank\" rel=\"noopener noreferrer\">contactez directement<\/a> l\u2019auteur.<br>Pour d&rsquo;autres formats ebook ou commande en masse (on peut toujours r\u00eaver):&nbsp; <a href=\"http:\/\/blog.mr-int.ch?page_id=111\" target=\"_blank\" rel=\"noopener noreferrer\">me contacter<\/a><br>\u00c9ditions MR, Kaiseraugst 2017<\/p>\n","protected":false},"excerpt":{"rendered":"<p>Par l&rsquo;auteur de ce blog un livre fondamental, en tous cas pour lui. Pour entrevoir un peu de son contenu : cliquez ici ! Au cours du d\u00e9veloppement des temps modernes, en particulier avec l\u2019industrialisation \u00e0 grande \u00e9chelle et les \u00e9changes globaux, l\u2019impact que l\u2019activit\u00e9 humaine pouvait avoir sur l\u2019environnement s\u2019est manifest\u00e9, parfois de mani\u00e8re &hellip; <a href=\"https:\/\/blog.mr-int.ch\/?page_id=3486\" class=\"more-link\">Continue reading<span class=\"screen-reader-text\"> \u00ab\u00a0R\u00e9armer la raison !\u00a0\u00bb<\/span><\/a><\/p>\n","protected":false},"author":2,"featured_media":0,"parent":0,"menu_order":2,"comment_status":"open","ping_status":"closed","template":"","meta":{"iawp_total_views":10,"footnotes":"","_links_to":"","_links_to_target":""},"class_list":["post-3486","page","type-page","status-publish","hentry"],"_links":{"self":[{"href":"https:\/\/blog.mr-int.ch\/index.php?rest_route=\/wp\/v2\/pages\/3486","targetHints":{"allow":["GET"]}}],"collection":[{"href":"https:\/\/blog.mr-int.ch\/index.php?rest_route=\/wp\/v2\/pages"}],"about":[{"href":"https:\/\/blog.mr-int.ch\/index.php?rest_route=\/wp\/v2\/types\/page"}],"author":[{"embeddable":true,"href":"https:\/\/blog.mr-int.ch\/index.php?rest_route=\/wp\/v2\/users\/2"}],"replies":[{"embeddable":true,"href":"https:\/\/blog.mr-int.ch\/index.php?rest_route=%2Fwp%2Fv2%2Fcomments&post=3486"}],"version-history":[{"count":0,"href":"https:\/\/blog.mr-int.ch\/index.php?rest_route=\/wp\/v2\/pages\/3486\/revisions"}],"wp:attachment":[{"href":"https:\/\/blog.mr-int.ch\/index.php?rest_route=%2Fwp%2Fv2%2Fmedia&parent=3486"}],"curies":[{"name":"wp","href":"https:\/\/api.w.org\/{rel}","templated":true}]}}