{"id":133,"date":"2011-01-09T11:03:43","date_gmt":"2011-01-09T10:03:43","guid":{"rendered":"http:\/\/blog.mr-int.ch\/?page_id=133"},"modified":"2025-02-03T09:29:43","modified_gmt":"2025-02-03T08:29:43","slug":"legal-notice-notice-legale","status":"publish","type":"page","link":"https:\/\/blog.mr-int.ch\/?page_id=133","title":{"rendered":"\u00c0 propos"},"content":{"rendered":"<p>\u00a9\u00a02018, Michel de Rougemont<\/p>\n<p><strong>MR&rsquo;s Blog<\/strong> est multi-langue, sans pour autant offrir\u00a0une traductions pour chaque entr\u00e9e.<br \/>\nVous pouvez y contribuer dans la langue qui vous convient.<br \/>\nSauf indication contraire, l&rsquo;auteur de tous les billets post\u00e9s sur ce blog est Michel de Rougemont (\u00ab\u00a0Michel\u00a0\u00bb), Kaiseraugst, Suisse.<\/p>\n<p><strong>MR&rsquo;s Blog<\/strong> is multilanguage, although without translation of every article.<br \/>\nYou are invited to contribute in the language of your choice.<br \/>\nUnless noted otherwise, the author of all blog posts is Michel de Rougemont, Kaiseraugst, Switzerland.<\/p>\n<p>MR&rsquo;s Blog (ci-apr\u00e8s \u00ab\u00a0le site\u00a0\u00bb)\u00a0appartient et est entretenu\u00a0par MR-int, Michel de Rougemont, Enterprise Consulting in Kaiseraugst, Suisse (ci-apr\u00e8s \u00ab\u00a0MR-int\u00a0\u00bb). <a href=\"http:\/\/www.mr-int.ch\" target=\"_blank\" rel=\"noopener\">www.mr-int.ch<\/a><\/p>\n<h2>Notice l\u00e9gale<\/h2>\n<p>Le site\u00a0est publi\u00e9 dans de multiples langues. Les services et les informations qui y sont pr\u00e9sent\u00e9s sont destin\u00e9s \u00e0 \u00eatre utilis\u00e9s par les internautes dans les conditions d\u00e9crites ci-apr\u00e8s .<\/p>\n<p>L&rsquo;acc\u00e8s aux services est possible 24 heures sur 24, 7 jours sur 7, sauf cas de force majeure, fait(s) de tiers et\/ou travaux de maintenance et interventions n\u00e9cessaires au bon fonctionnement des services. L&rsquo;acc\u00e8s est gratuit, hormis la fourniture d&rsquo;acc\u00e8s et les communications t\u00e9l\u00e9phoniques dont les co\u00fbts sont directement factur\u00e9s par les op\u00e9rateurs.<br \/>\nIl est rappel\u00e9 que le secret des correspondances n&rsquo;est pas garanti sur le r\u00e9seau Internet, m\u00eame si un protocole de s\u00e9curit\u00e9 est utilis\u00e9, et qu&rsquo;il appartient \u00e0 chaque utilisateur d&rsquo;Internet de prendre toutes les mesures appropri\u00e9es de fa\u00e7on \u00e0 prot\u00e9ger ses propres donn\u00e9es et\/ou logiciels de la contamination d&rsquo;\u00e9ventuels virus circulant sur internet.<\/p>\n<h4>Informations et services accessibles<\/h4>\n<p>Le site\u00a0a notamment pour objectif de mettre des informations et des services \u00e0 la disposition du grand public.<\/p>\n<p>Une partie du contenu \u00e9ditorial et des services propos\u00e9s sur le site\u00a0provient de prestataires ext\u00e9rieurs et est accessible, soit directement sur le site, soit par des liens hypertextes pointant vers leurs sites.<\/p>\n<h4>Utilisation des informations<\/h4>\n<p>L&rsquo;\u00e9diteur ne peut garantir \u00e0 l&rsquo;internaute qu&rsquo;aucune omission ou erreur n&rsquo;a pu \u00eatre introduite dans l&rsquo;information.<\/p>\n<p>Il appartient \u00e0 l&rsquo;internaute, sous sa responsabilit\u00e9 exclusive, d&rsquo;utiliser les informations disponibles sur le site\u00a0avec discernement.<\/p>\n<p>En cons\u00e9quence, MR-int vous recommande de v\u00e9rifier les informations recueillies sur ses sites, pr\u00e9alablement \u00e0 toute prise de d\u00e9cision.<\/p>\n<p>L&rsquo;information personnelle qu&rsquo;un lecteur donnera pour s&rsquo;abonner \u00e0 ce site ou pour faire un commentaire ne sera utilis\u00e9 que dans un but d&rsquo;identification. Elle ne sera pas transmise \u00e0 des tiers. Celui qui d\u00e9sire que ses donn\u00e9es soient effac\u00e9es peut le demander express\u00e9ment par courriel. Cependant, les commentaires qui auraient \u00e9t\u00e9 publi\u00e9s ne seront pas effac\u00e9s.<\/p>\n<h4>Limite des utilisations &#8211; Droits d&rsquo;auteur<\/h4>\n<h5>Les contenus<\/h5>\n<p>L&rsquo;ensemble des donn\u00e9es (textes, sons ou images) figurant sur les pages du site\u00a0constitue la propri\u00e9t\u00e9 exclusive de MR-int et de ses prestataires.<\/p>\n<p>Les citations et courts extraits des contenus sont les bienvenus, car cela anime les d\u00e9bats et ouvre une audience plus large \u00e0 l&rsquo;aiuteur.<\/p>\n<p>En revanche, toute reproduction, repr\u00e9sentation ou diffusion de larges extraits des contenus du site, \u00e0 des fins autres que personnelles et gratuites, en tout ou partie, sur quelque support que ce soit ou par tout proc\u00e9d\u00e9, est interdite ou soumise \u00e0 autorisation pr\u00e9alable.<br \/>\nLe non respect de cette interdiction constitue une contrefa\u00e7on susceptible d&rsquo;engager la responsabilit\u00e9 civile et p\u00e9nale du contrefacteur.<\/p>\n<h5>Liens hypertextes<\/h5>\n<p>L&rsquo;existence d&rsquo;un lien hypertexte vers un autre site ne constitue pas une validation de ce site ou de son contenu. La responsabilit\u00e9 de MR-int ne saurait \u00eatre engag\u00e9e quant aux informations, opinions et recommandations formul\u00e9es par ces tiers.<\/p>\n<p>De plus, MR-int peut avoir \u00e9t\u00e9, \u00e0 son insu, reli\u00e9 \u00e0 d&rsquo;autres sites par des liens hypertextes.<br \/>\nMR-int n&rsquo;autorise pas ce type de liens et d\u00e9cline toute responsabilit\u00e9 pour les informations pr\u00e9sent\u00e9es sur ces autres sites, leur contenu et les relations avec MR-int.<\/p>\n<p>En cas de litige seules les lois suisses sont applicables.<\/p>\n","protected":false},"excerpt":{"rendered":"<p>\u00a9\u00a02018, Michel de Rougemont MR&rsquo;s Blog est multi-langue, sans pour autant offrir\u00a0une traductions pour chaque entr\u00e9e. Vous pouvez y contribuer dans la langue qui vous convient. Sauf indication contraire, l&rsquo;auteur de tous les billets post\u00e9s sur ce blog est Michel de Rougemont (\u00ab\u00a0Michel\u00a0\u00bb), Kaiseraugst, Suisse. MR&rsquo;s Blog is multilanguage, although without translation of every article. &hellip; <a href=\"https:\/\/blog.mr-int.ch\/?page_id=133\" class=\"more-link\">Continue reading<span class=\"screen-reader-text\"> \u00ab\u00a0\u00c0 propos\u00a0\u00bb<\/span><\/a><\/p>\n","protected":false},"author":2,"featured_media":0,"parent":0,"menu_order":6,"comment_status":"closed","ping_status":"closed","template":"","meta":{"iawp_total_views":30,"footnotes":"","_links_to":"","_links_to_target":""},"class_list":["post-133","page","type-page","status-publish","hentry"],"_links":{"self":[{"href":"https:\/\/blog.mr-int.ch\/index.php?rest_route=\/wp\/v2\/pages\/133","targetHints":{"allow":["GET"]}}],"collection":[{"href":"https:\/\/blog.mr-int.ch\/index.php?rest_route=\/wp\/v2\/pages"}],"about":[{"href":"https:\/\/blog.mr-int.ch\/index.php?rest_route=\/wp\/v2\/types\/page"}],"author":[{"embeddable":true,"href":"https:\/\/blog.mr-int.ch\/index.php?rest_route=\/wp\/v2\/users\/2"}],"replies":[{"embeddable":true,"href":"https:\/\/blog.mr-int.ch\/index.php?rest_route=%2Fwp%2Fv2%2Fcomments&post=133"}],"version-history":[{"count":0,"href":"https:\/\/blog.mr-int.ch\/index.php?rest_route=\/wp\/v2\/pages\/133\/revisions"}],"wp:attachment":[{"href":"https:\/\/blog.mr-int.ch\/index.php?rest_route=%2Fwp%2Fv2%2Fmedia&parent=133"}],"curies":[{"name":"wp","href":"https:\/\/api.w.org\/{rel}","templated":true}]}}