{"id":10863,"date":"2023-07-20T17:01:19","date_gmt":"2023-07-20T15:01:19","guid":{"rendered":"https:\/\/blog.mr-int.ch\/?page_id=10863"},"modified":"2023-10-17T17:09:20","modified_gmt":"2023-10-17T15:09:20","slug":"tout-sur-lenergie","status":"publish","type":"page","link":"https:\/\/blog.mr-int.ch\/?page_id=10863","title":{"rendered":"Tout ou presque sur l&rsquo;\u00e9nergie"},"content":{"rendered":"\n<p>Voici une liste des publications importantes sur ce blog \u00e0 propos de l&rsquo;\u00e9nergie.<\/p>\n\n\n\n<div class=\"wp-block-columns are-vertically-aligned-center is-not-stacked-on-mobile has-background is-layout-flex wp-container-core-columns-is-layout-9d6595d7 wp-block-columns-is-layout-flex\" style=\"background-color:#fdfdfd\">\n<div class=\"wp-block-column is-vertically-aligned-center is-layout-flow wp-block-column-is-layout-flow\">\n<p><strong>Vad\u00e9m\u00e9cum \u00e9nerg\u00e9tique<br>Energy Vademecum<br>Energie Vademecum<\/strong><\/p>\n<\/div>\n\n\n\n<div class=\"wp-block-column is-vertically-aligned-center is-layout-flow wp-block-column-is-layout-flow\">\n<div class=\"wp-block-buttons is-layout-flex wp-block-buttons-is-layout-flex\">\n<div class=\"wp-block-button has-custom-font-size has-small-font-size\"><a class=\"wp-block-button__link has-luminous-vivid-amber-color has-text-color has-background wp-element-button\" href=\"https:\/\/blog.mr-int.ch\/?attachment_id=9810\" style=\"border-radius:0px;background-color:#006039\" target=\"_blank\" rel=\"noreferrer noopener\">En fran\u00e7ais<\/a><\/div>\n\n\n\n<div class=\"wp-block-button has-custom-font-size has-small-font-size\"><a class=\"wp-block-button__link has-luminous-vivid-amber-color has-text-color has-background wp-element-button\" href=\"https:\/\/blog.mr-int.ch\/?attachment_id=9836\" style=\"border-radius:0px;background-color:#006039\" target=\"_blank\" rel=\"noreferrer noopener\">In English<\/a><\/div>\n\n\n\n<div class=\"wp-block-button has-custom-font-size has-small-font-size\"><a class=\"wp-block-button__link has-luminous-vivid-amber-color has-text-color has-background wp-element-button\" href=\"https:\/\/blog.mr-int.ch\/?attachment_id=9834\" style=\"border-radius:0px;background-color:#006039\" target=\"_blank\" rel=\"noreferrer noopener\">Auf Deutsch<\/a><\/div>\n<\/div>\n<\/div>\n<\/div>\n\n\n\n<div class=\"wp-block-columns are-vertically-aligned-center has-background is-layout-flex wp-container-core-columns-is-layout-9d6595d7 wp-block-columns-is-layout-flex\" style=\"background-color:#f4fbfb\">\n<div class=\"wp-block-column is-vertically-aligned-center is-layout-flow wp-block-column-is-layout-flow\">\n<p><strong>Revue de l&rsquo;\u00e9nergie 2022<\/strong><br><strong>Energy Review 2022<\/strong><\/p>\n<\/div>\n\n\n\n<div class=\"wp-block-column is-vertically-aligned-center is-layout-flow wp-block-column-is-layout-flow\">\n<div class=\"wp-block-buttons is-layout-flex wp-block-buttons-is-layout-flex\">\n<div class=\"wp-block-button has-custom-font-size has-small-font-size\"><a class=\"wp-block-button__link has-luminous-vivid-amber-color has-text-color has-background wp-element-button\" href=\"https:\/\/blog.mr-int.ch\/?attachment_id=10342\" style=\"border-radius:0px;background-color:#006039\" target=\"_blank\" rel=\"noreferrer noopener\">En fran\u00e7ais<\/a><\/div>\n\n\n\n<div class=\"wp-block-button has-custom-font-size has-small-font-size\"><a class=\"wp-block-button__link has-luminous-vivid-amber-color has-text-color has-background wp-element-button\" href=\"https:\/\/blog.mr-int.ch\/?attachment_id=10873\" style=\"border-radius:0px;background-color:#006039\" target=\"_blank\" rel=\"noreferrer noopener\">In English<\/a><\/div>\n<\/div>\n<\/div>\n<\/div>\n\n\n\n<div class=\"wp-block-columns are-vertically-aligned-center has-background is-layout-flex wp-container-core-columns-is-layout-9d6595d7 wp-block-columns-is-layout-flex\" style=\"background-color:#fdfdfd\">\n<div class=\"wp-block-column is-vertically-aligned-center is-layout-flow wp-block-column-is-layout-flow\">\n<p>\u00c9tude \u00ab\u00a0<strong>Approvisionnement \u00e9lectrique de la Suisse conforme aux objectifs climatiques<\/strong>\u00ab\u00a0<\/p>\n<\/div>\n\n\n\n<div class=\"wp-block-column is-vertically-aligned-center is-layout-flow wp-block-column-is-layout-flow\">\n<div class=\"wp-block-buttons is-layout-flex wp-block-buttons-is-layout-flex\">\n<div class=\"wp-block-button has-custom-font-size has-small-font-size\"><a class=\"wp-block-button__link has-luminous-vivid-amber-color has-text-color has-background wp-element-button\" href=\"https:\/\/blog.mr-int.ch\/?attachment_id=10880\" style=\"border-radius:0px;background-color:#006039\" target=\"_blank\" rel=\"noreferrer noopener\">En fran\u00e7ais<\/a><\/div>\n<\/div>\n<\/div>\n<\/div>\n\n\n\n<div class=\"wp-block-columns are-vertically-aligned-center has-background is-layout-flex wp-container-core-columns-is-layout-9d6595d7 wp-block-columns-is-layout-flex\" style=\"background-color:#f4fbfb\">\n<div class=\"wp-block-column is-vertically-aligned-center is-layout-flow wp-block-column-is-layout-flow\">\n<p>Billet de blog \u00ab\u00a0<strong>D\u00e9carbonisation<\/strong>\u00ab\u00a0<br>Blog post \u00ab\u00a0<strong>Decarbonisation<\/strong>\u00ab\u00a0<\/p>\n<\/div>\n\n\n\n<div class=\"wp-block-column is-vertically-aligned-center is-layout-flow wp-block-column-is-layout-flow\">\n<div class=\"wp-block-buttons is-layout-flex wp-block-buttons-is-layout-flex\">\n<div class=\"wp-block-button has-custom-font-size has-small-font-size\"><a class=\"wp-block-button__link has-luminous-vivid-amber-color has-text-color has-background wp-element-button\" href=\"https:\/\/blog.mr-int.ch\/?attachment_id=10342\" style=\"border-radius:0px;background-color:#006039\" target=\"_blank\" rel=\"noreferrer noopener\">En fran\u00e7ais<\/a><\/div>\n\n\n\n<div class=\"wp-block-button has-custom-font-size has-small-font-size\"><a class=\"wp-block-button__link has-luminous-vivid-amber-color has-text-color has-background wp-element-button\" href=\"https:\/\/blog.mr-int.ch\/?p=10856&#038;lang=en\" style=\"border-radius:0px;background-color:#006039\" target=\"_blank\" rel=\"noreferrer noopener\">In English<\/a><\/div>\n<\/div>\n<\/div>\n<\/div>\n\n\n\n<div class=\"wp-block-columns are-vertically-aligned-center has-background is-layout-flex wp-container-core-columns-is-layout-9d6595d7 wp-block-columns-is-layout-flex\" style=\"background-color:#fdfdfd\">\n<div class=\"wp-block-column is-vertically-aligned-center is-layout-flow wp-block-column-is-layout-flow\">\n<p>Billet de blog \u00ab\u00a0<strong>V\u00e9rit\u00e9s renouvelables\u00a0\u00bb<\/strong> <\/p>\n<\/div>\n\n\n\n<div class=\"wp-block-column is-vertically-aligned-center is-layout-flow wp-block-column-is-layout-flow\">\n<div class=\"wp-block-buttons is-layout-flex wp-block-buttons-is-layout-flex\">\n<div class=\"wp-block-button has-custom-font-size has-small-font-size\"><a class=\"wp-block-button__link has-luminous-vivid-amber-color has-text-color has-background wp-element-button\" href=\"https:\/\/blog.mr-int.ch\/?p=9636\" style=\"border-radius:0px;background-color:#006039\" target=\"_blank\" rel=\"noreferrer noopener\">En fran\u00e7ais<\/a><\/div>\n<\/div>\n<\/div>\n<\/div>\n\n\n\n<div class=\"wp-block-columns are-vertically-aligned-center has-background is-layout-flex wp-container-core-columns-is-layout-9d6595d7 wp-block-columns-is-layout-flex\" style=\"background-color:#f4fbfb\">\n<div class=\"wp-block-column is-vertically-aligned-center is-layout-flow wp-block-column-is-layout-flow\">\n<p>Data Sheet <strong>Fossil Fuels<\/strong><\/p>\n<\/div>\n\n\n\n<div class=\"wp-block-column is-vertically-aligned-center is-layout-flow wp-block-column-is-layout-flow\">\n<div class=\"wp-block-buttons is-layout-flex wp-block-buttons-is-layout-flex\">\n<div class=\"wp-block-button has-custom-font-size has-small-font-size\"><a class=\"wp-block-button__link has-luminous-vivid-amber-color has-text-color has-background wp-element-button\" href=\"https:\/\/blog.mr-int.ch\/?attachment_id=11018\" style=\"border-radius:0px;background-color:#006039\" target=\"_blank\" rel=\"noreferrer noopener\">In English<\/a><\/div>\n<\/div>\n<\/div>\n<\/div>\n\n\n\n<div class=\"wp-block-columns are-vertically-aligned-center has-background is-layout-flex wp-container-core-columns-is-layout-9d6595d7 wp-block-columns-is-layout-flex\" style=\"background-color:#fdfdfd\">\n<div class=\"wp-block-column is-vertically-aligned-center is-layout-flow wp-block-column-is-layout-flow\">\n<p>Feuille de donn\u00e9es <strong>Lithium<\/strong> <\/p>\n<\/div>\n\n\n\n<div class=\"wp-block-column is-vertically-aligned-center is-layout-flow wp-block-column-is-layout-flow\">\n<div class=\"wp-block-buttons is-layout-flex wp-block-buttons-is-layout-flex\">\n<div class=\"wp-block-button has-custom-font-size has-small-font-size\"><a class=\"wp-block-button__link has-luminous-vivid-amber-color has-text-color has-background wp-element-button\" href=\"https:\/\/blog.mr-int.ch\/?attachment_id=11020\" style=\"border-radius:0px;background-color:#006039\" target=\"_blank\" rel=\"noreferrer noopener\">En fran\u00e7ais<\/a><\/div>\n<\/div>\n<\/div>\n<\/div>\n","protected":false},"excerpt":{"rendered":"<p>Voici une liste des publications importantes sur ce blog \u00e0 propos de l&rsquo;\u00e9nergie. Vad\u00e9m\u00e9cum \u00e9nerg\u00e9tiqueEnergy VademecumEnergie Vademecum Revue de l&rsquo;\u00e9nergie 2022Energy Review 2022 \u00c9tude \u00ab\u00a0Approvisionnement \u00e9lectrique de la Suisse conforme aux objectifs climatiques\u00ab\u00a0 Billet de blog \u00ab\u00a0D\u00e9carbonisation\u00ab\u00a0Blog post \u00ab\u00a0Decarbonisation\u00ab\u00a0 Billet de blog \u00ab\u00a0V\u00e9rit\u00e9s renouvelables\u00a0\u00bb Data Sheet Fossil Fuels Feuille de donn\u00e9es Lithium<\/p>\n","protected":false},"author":2,"featured_media":10274,"parent":0,"menu_order":0,"comment_status":"closed","ping_status":"closed","template":"","meta":{"iawp_total_views":7,"footnotes":"","_links_to":"","_links_to_target":""},"class_list":["post-10863","page","type-page","status-publish","has-post-thumbnail","hentry"],"_links":{"self":[{"href":"https:\/\/blog.mr-int.ch\/index.php?rest_route=\/wp\/v2\/pages\/10863","targetHints":{"allow":["GET"]}}],"collection":[{"href":"https:\/\/blog.mr-int.ch\/index.php?rest_route=\/wp\/v2\/pages"}],"about":[{"href":"https:\/\/blog.mr-int.ch\/index.php?rest_route=\/wp\/v2\/types\/page"}],"author":[{"embeddable":true,"href":"https:\/\/blog.mr-int.ch\/index.php?rest_route=\/wp\/v2\/users\/2"}],"replies":[{"embeddable":true,"href":"https:\/\/blog.mr-int.ch\/index.php?rest_route=%2Fwp%2Fv2%2Fcomments&post=10863"}],"version-history":[{"count":0,"href":"https:\/\/blog.mr-int.ch\/index.php?rest_route=\/wp\/v2\/pages\/10863\/revisions"}],"wp:featuredmedia":[{"embeddable":true,"href":"https:\/\/blog.mr-int.ch\/index.php?rest_route=\/wp\/v2\/media\/10274"}],"wp:attachment":[{"href":"https:\/\/blog.mr-int.ch\/index.php?rest_route=%2Fwp%2Fv2%2Fmedia&parent=10863"}],"curies":[{"name":"wp","href":"https:\/\/api.w.org\/{rel}","templated":true}]}}